{"id":19350,"date":"2020-06-30T10:04:32","date_gmt":"2020-06-30T08:04:32","guid":{"rendered":"https:\/\/www.torinooutletvillage.com\/recupera-password\/"},"modified":"2024-06-02T23:21:41","modified_gmt":"2024-06-02T21:21:41","slug":"recupera-password","status":"publish","type":"page","link":"https:\/\/www.vipclub.torinooutletvillage.com\/fr\/recupera-password\/","title":{"rendered":"R\u00e9cup\u00e9ration de mot de passe"},"content":{"rendered":"\t\t<div data-elementor-type=\"wp-page\" data-elementor-id=\"19350\" class=\"elementor elementor-19350 elementor-17909\">\n\t\t\t\t\t\t<div class=\"elementor-inner\">\n\t\t\t\t<div class=\"elementor-section-wrap\">\n\t\t\t\t\t\t\t\t\t<section class=\"elementor-section elementor-top-section elementor-element elementor-element-efdcb39 elementor-section-boxed elementor-section-height-default elementor-section-height-default\" data-id=\"efdcb39\" data-element_type=\"section\">\n\t\t\t\t\t\t<div class=\"elementor-container elementor-column-gap-default\">\n\t\t\t\t\t\t\t<div class=\"elementor-row\">\n\t\t\t\t\t<div class=\"elementor-column elementor-col-100 elementor-top-column elementor-element elementor-element-94c39c3\" data-id=\"94c39c3\" data-element_type=\"column\">\n\t\t\t<div class=\"elementor-column-wrap elementor-element-populated\">\n\t\t\t\t\t\t\t<div class=\"elementor-widget-wrap\">\n\t\t\t\t\t\t<div class=\"elementor-element elementor-element-586fa07 elementor-widget elementor-widget-spacer\" data-id=\"586fa07\" data-element_type=\"widget\" data-widget_type=\"spacer.default\">\n\t\t\t\t<div class=\"elementor-widget-container\">\n\t\t\t\t\t<div class=\"elementor-spacer\">\n\t\t\t<div class=\"elementor-spacer-inner\"><\/div>\n\t\t<\/div>\n\t\t\t\t<\/div>\n\t\t\t\t<\/div>\n\t\t\t\t<div class=\"elementor-element elementor-element-f3843f1 elementor-widget elementor-widget-shortcode\" data-id=\"f3843f1\" data-element_type=\"widget\" data-widget_type=\"shortcode.default\">\n\t\t\t\t<div class=\"elementor-widget-container\">\n\t\t\t\t\t<div class=\"elementor-shortcode\">\n    <div class=\"text-center\">\n\n    \t<div class=\"_ast-row\">\n\n            <div class=\"ast-col-xs-12 ast-col-sm-6 ast-col-sm-offset-3 ast-col-md-6 ast-col-md-offset-3\">\n\n            \t\n                <div class=\"spacer10\"><\/div>\n\n                <form action=\"https:\/\/www.vipclub.torinooutletvillage.com\/fr\/recupera-password\/\" method=\"post\" class=\"form-style-custom mb-3\">\n\n                    \n                        <h3 class=\"elementor-heading-title\">Il a oubli\u00e9 le mot de passe?<\/h3>\n\n                        <p>Entrez email avec lequel vous vous \u00eates inscrit sur le site et nous vous enverrons un lien par lequel vous pourrez changer votre mot de passe.<\/p>\n\n                        <input type=\"hidden\" name=\"tovsov-form-ricevi-link\">\n\n                        <div class=\"form-group\">\n                            <input type=\"email\" class=\"form-control\" name=\"email\" placeholder=\"Email *\" value=\"\" required>\n                        <\/div>\n\n                        <button type=\"submit\" class=\"btn btn-submit btn-primary dblock\">R\u00e9cup\u00e9ration de mot de passe<\/button>\n\n                    \n                <\/form>\n                                <div class=\"btn-style-1 btn-custom\"><a href=\"https:\/\/www.torinooutletvillage.com\/fr\/\" class=\"elementor-button dblock\">Annulation<\/a><\/div>\n\n            <\/div><!-- \/ast-col -->\n\n\t\t\t<br style=\"clear: both\">\n\n        <\/div><!-- \/ast-row -->\n\n    <\/div><!-- \/text-center -->\n\n    <div class=\"spacer50\"><\/div>\n    <div class=\"spacer30\"><\/div>\n\n    <\/div>\n\t\t\t\t<\/div>\n\t\t\t\t<\/div>\n\t\t\t\t\t\t<\/div>\n\t\t\t\t\t<\/div>\n\t\t<\/div>\n\t\t\t\t\t\t\t\t<\/div>\n\t\t\t\t\t<\/div>\n\t\t<\/section>\n\t\t\t\t\t\t\t\t\t<\/div>\n\t\t\t<\/div>\n\t\t\t\t\t<\/div>\n\t\t","protected":false},"excerpt":{"rendered":"","protected":false},"author":1,"featured_media":0,"parent":0,"menu_order":0,"comment_status":"closed","ping_status":"closed","template":"","meta":{"site-sidebar-layout":"no-sidebar","site-content-layout":"page-builder","ast-site-content-layout":"full-width-container","site-content-style":"unboxed","site-sidebar-style":"unboxed","ast-global-header-display":"","ast-banner-title-visibility":"","ast-main-header-display":"","ast-hfb-above-header-display":"","ast-hfb-below-header-display":"","ast-hfb-mobile-header-display":"","site-post-title":"disabled","ast-breadcrumbs-content":"disabled","ast-featured-img":"disabled","footer-sml-layout":"","theme-transparent-header-meta":"default","adv-header-id-meta":"","stick-header-meta":"default","header-above-stick-meta":"","header-main-stick-meta":"","header-below-stick-meta":"","astra-migrate-meta-layouts":"set","ast-page-background-enabled":"default","ast-page-background-meta":{"desktop":{"background-color":"","background-image":"","background-repeat":"repeat","background-position":"center center","background-size":"auto","background-attachment":"scroll","background-type":"","background-media":"","overlay-type":"","overlay-color":"","overlay-gradient":""},"tablet":{"background-color":"","background-image":"","background-repeat":"repeat","background-position":"center center","background-size":"auto","background-attachment":"scroll","background-type":"","background-media":"","overlay-type":"","overlay-color":"","overlay-gradient":""},"mobile":{"background-color":"","background-image":"","background-repeat":"repeat","background-position":"center center","background-size":"auto","background-attachment":"scroll","background-type":"","background-media":"","overlay-type":"","overlay-color":"","overlay-gradient":""}},"ast-content-background-meta":{"desktop":{"background-color":"var(--ast-global-color-5)","background-image":"","background-repeat":"repeat","background-position":"center center","background-size":"auto","background-attachment":"scroll","background-type":"","background-media":"","overlay-type":"","overlay-color":"","overlay-gradient":""},"tablet":{"background-color":"var(--ast-global-color-5)","background-image":"","background-repeat":"repeat","background-position":"center center","background-size":"auto","background-attachment":"scroll","background-type":"","background-media":"","overlay-type":"","overlay-color":"","overlay-gradient":""},"mobile":{"background-color":"var(--ast-global-color-5)","background-image":"","background-repeat":"repeat","background-position":"center center","background-size":"auto","background-attachment":"scroll","background-type":"","background-media":"","overlay-type":"","overlay-color":"","overlay-gradient":""}},"footnotes":""},"acf":[],"yoast_head":"<!-- This site is optimized with the Yoast SEO plugin v22.4 - https:\/\/yoast.com\/wordpress\/plugins\/seo\/ -->\n<title>R\u00e9initialiser votre mot de passe | Torino Outlet Village<\/title>\n<meta name=\"description\" content=\"R\u00e9cup\u00e9ration de mot de passe - Torino Outlet Village\" \/>\n<meta name=\"robots\" content=\"noindex, follow, max-snippet:-1, max-image-preview:large, max-video-preview:-1\" \/>\n<meta property=\"og:locale\" content=\"fr_FR\" \/>\n<meta property=\"og:type\" content=\"article\" \/>\n<meta property=\"og:title\" content=\"R\u00e9initialiser votre mot de passe | Torino Outlet Village\" \/>\n<meta property=\"og:description\" content=\"R\u00e9cup\u00e9ration de mot de passe - Torino Outlet Village\" \/>\n<meta property=\"og:url\" content=\"https:\/\/vipclub.torinooutletvillage.com\/fr\/recupera-password\/\" \/>\n<meta property=\"og:site_name\" content=\"Torino Outlet Village\" \/>\n<meta property=\"article:publisher\" content=\"https:\/\/www.facebook.com\/torinoutletvillage\/\" \/>\n<meta property=\"article:modified_time\" content=\"2024-06-02T21:21:41+00:00\" \/>\n<meta name=\"twitter:card\" content=\"summary_large_image\" \/>\n<meta name=\"twitter:label1\" content=\"Est. reading time\" \/>\n\t<meta name=\"twitter:data1\" content=\"1 minute\" \/>\n<script type=\"application\/ld+json\" class=\"yoast-schema-graph\">{\"@context\":\"https:\/\/schema.org\",\"@graph\":[{\"@type\":\"WebPage\",\"@id\":\"https:\/\/vipclub.torinooutletvillage.com\/fr\/recupera-password\/\",\"url\":\"https:\/\/vipclub.torinooutletvillage.com\/fr\/recupera-password\/\",\"name\":\"R\u00e9initialiser votre mot de passe | Torino Outlet Village\",\"isPartOf\":{\"@id\":\"https:\/\/vipclub.torinooutletvillage.com\/it\/#website\"},\"datePublished\":\"2020-06-30T08:04:32+00:00\",\"dateModified\":\"2024-06-02T21:21:41+00:00\",\"description\":\"R\u00e9cup\u00e9ration de mot de passe - Torino Outlet Village\",\"breadcrumb\":{\"@id\":\"https:\/\/vipclub.torinooutletvillage.com\/fr\/recupera-password\/#breadcrumb\"},\"inLanguage\":\"fr-FR\",\"potentialAction\":[{\"@type\":\"ReadAction\",\"target\":[\"https:\/\/vipclub.torinooutletvillage.com\/fr\/recupera-password\/\"]}]},{\"@type\":\"BreadcrumbList\",\"@id\":\"https:\/\/vipclub.torinooutletvillage.com\/fr\/recupera-password\/#breadcrumb\",\"itemListElement\":[{\"@type\":\"ListItem\",\"position\":1,\"name\":\"Home\",\"item\":\"https:\/\/vipclub.torinooutletvillage.com\/fr\/profile\/\"},{\"@type\":\"ListItem\",\"position\":2,\"name\":\"R\u00e9cup\u00e9ration de mot de passe\"}]},{\"@type\":\"WebSite\",\"@id\":\"https:\/\/vipclub.torinooutletvillage.com\/it\/#website\",\"url\":\"https:\/\/vipclub.torinooutletvillage.com\/it\/\",\"name\":\"Torino Outlet Village\",\"description\":\"Negozi outlet a Torino Outlet Village\",\"publisher\":{\"@id\":\"https:\/\/vipclub.torinooutletvillage.com\/it\/#organization\"},\"potentialAction\":[{\"@type\":\"SearchAction\",\"target\":{\"@type\":\"EntryPoint\",\"urlTemplate\":\"https:\/\/vipclub.torinooutletvillage.com\/it\/?s={search_term_string}\"},\"query-input\":\"required name=search_term_string\"}],\"inLanguage\":\"fr-FR\"},{\"@type\":\"Organization\",\"@id\":\"https:\/\/vipclub.torinooutletvillage.com\/it\/#organization\",\"name\":\"Torino Outlet Village\",\"url\":\"https:\/\/vipclub.torinooutletvillage.com\/it\/\",\"logo\":{\"@type\":\"ImageObject\",\"inLanguage\":\"fr-FR\",\"@id\":\"https:\/\/vipclub.torinooutletvillage.com\/it\/#\/schema\/logo\/image\/\",\"url\":\"https:\/\/vipclub.torinooutletvillage.com\/wp-content\/uploads\/2020\/01\/logo-torino-outlet-village.png\",\"contentUrl\":\"https:\/\/vipclub.torinooutletvillage.com\/wp-content\/uploads\/2020\/01\/logo-torino-outlet-village.png\",\"width\":1033,\"height\":416,\"caption\":\"Torino Outlet Village\"},\"image\":{\"@id\":\"https:\/\/vipclub.torinooutletvillage.com\/it\/#\/schema\/logo\/image\/\"},\"sameAs\":[\"https:\/\/www.facebook.com\/torinoutletvillage\/\",\"https:\/\/www.instagram.com\/torinooutletvillage\/?hl=it\"]}]}<\/script>\n<!-- \/ Yoast SEO plugin. -->","yoast_head_json":{"title":"R\u00e9initialiser votre mot de passe | Torino Outlet Village","description":"R\u00e9cup\u00e9ration de mot de passe - Torino Outlet Village","robots":{"index":"noindex","follow":"follow","max-snippet":"max-snippet:-1","max-image-preview":"max-image-preview:large","max-video-preview":"max-video-preview:-1"},"og_locale":"fr_FR","og_type":"article","og_title":"R\u00e9initialiser votre mot de passe | Torino Outlet Village","og_description":"R\u00e9cup\u00e9ration de mot de passe - Torino Outlet Village","og_url":"https:\/\/vipclub.torinooutletvillage.com\/fr\/recupera-password\/","og_site_name":"Torino Outlet Village","article_publisher":"https:\/\/www.facebook.com\/torinoutletvillage\/","article_modified_time":"2024-06-02T21:21:41+00:00","twitter_card":"summary_large_image","twitter_misc":{"Est. reading time":"1 minute"},"schema":{"@context":"https:\/\/schema.org","@graph":[{"@type":"WebPage","@id":"https:\/\/vipclub.torinooutletvillage.com\/fr\/recupera-password\/","url":"https:\/\/vipclub.torinooutletvillage.com\/fr\/recupera-password\/","name":"R\u00e9initialiser votre mot de passe | Torino Outlet Village","isPartOf":{"@id":"https:\/\/vipclub.torinooutletvillage.com\/it\/#website"},"datePublished":"2020-06-30T08:04:32+00:00","dateModified":"2024-06-02T21:21:41+00:00","description":"R\u00e9cup\u00e9ration de mot de passe - Torino Outlet Village","breadcrumb":{"@id":"https:\/\/vipclub.torinooutletvillage.com\/fr\/recupera-password\/#breadcrumb"},"inLanguage":"fr-FR","potentialAction":[{"@type":"ReadAction","target":["https:\/\/vipclub.torinooutletvillage.com\/fr\/recupera-password\/"]}]},{"@type":"BreadcrumbList","@id":"https:\/\/vipclub.torinooutletvillage.com\/fr\/recupera-password\/#breadcrumb","itemListElement":[{"@type":"ListItem","position":1,"name":"Home","item":"https:\/\/vipclub.torinooutletvillage.com\/fr\/profile\/"},{"@type":"ListItem","position":2,"name":"R\u00e9cup\u00e9ration de mot de passe"}]},{"@type":"WebSite","@id":"https:\/\/vipclub.torinooutletvillage.com\/it\/#website","url":"https:\/\/vipclub.torinooutletvillage.com\/it\/","name":"Torino Outlet Village","description":"Negozi outlet a Torino Outlet Village","publisher":{"@id":"https:\/\/vipclub.torinooutletvillage.com\/it\/#organization"},"potentialAction":[{"@type":"SearchAction","target":{"@type":"EntryPoint","urlTemplate":"https:\/\/vipclub.torinooutletvillage.com\/it\/?s={search_term_string}"},"query-input":"required name=search_term_string"}],"inLanguage":"fr-FR"},{"@type":"Organization","@id":"https:\/\/vipclub.torinooutletvillage.com\/it\/#organization","name":"Torino Outlet Village","url":"https:\/\/vipclub.torinooutletvillage.com\/it\/","logo":{"@type":"ImageObject","inLanguage":"fr-FR","@id":"https:\/\/vipclub.torinooutletvillage.com\/it\/#\/schema\/logo\/image\/","url":"https:\/\/vipclub.torinooutletvillage.com\/wp-content\/uploads\/2020\/01\/logo-torino-outlet-village.png","contentUrl":"https:\/\/vipclub.torinooutletvillage.com\/wp-content\/uploads\/2020\/01\/logo-torino-outlet-village.png","width":1033,"height":416,"caption":"Torino Outlet Village"},"image":{"@id":"https:\/\/vipclub.torinooutletvillage.com\/it\/#\/schema\/logo\/image\/"},"sameAs":["https:\/\/www.facebook.com\/torinoutletvillage\/","https:\/\/www.instagram.com\/torinooutletvillage\/?hl=it"]}]}},"_links":{"self":[{"href":"https:\/\/www.vipclub.torinooutletvillage.com\/fr\/wp-json\/wp\/v2\/pages\/19350"}],"collection":[{"href":"https:\/\/www.vipclub.torinooutletvillage.com\/fr\/wp-json\/wp\/v2\/pages"}],"about":[{"href":"https:\/\/www.vipclub.torinooutletvillage.com\/fr\/wp-json\/wp\/v2\/types\/page"}],"author":[{"embeddable":true,"href":"https:\/\/www.vipclub.torinooutletvillage.com\/fr\/wp-json\/wp\/v2\/users\/1"}],"replies":[{"embeddable":true,"href":"https:\/\/www.vipclub.torinooutletvillage.com\/fr\/wp-json\/wp\/v2\/comments?post=19350"}],"version-history":[{"count":2,"href":"https:\/\/www.vipclub.torinooutletvillage.com\/fr\/wp-json\/wp\/v2\/pages\/19350\/revisions"}],"predecessor-version":[{"id":84778,"href":"https:\/\/www.vipclub.torinooutletvillage.com\/fr\/wp-json\/wp\/v2\/pages\/19350\/revisions\/84778"}],"wp:attachment":[{"href":"https:\/\/www.vipclub.torinooutletvillage.com\/fr\/wp-json\/wp\/v2\/media?parent=19350"}],"curies":[{"name":"wp","href":"https:\/\/api.w.org\/{rel}","templated":true}]}}