{"id":6660,"date":"2019-10-14T11:23:00","date_gmt":"2019-10-14T09:23:00","guid":{"rendered":"https:\/\/www.torinooutletvillage.com\/privacy-policy\/"},"modified":"2024-06-03T00:10:34","modified_gmt":"2024-06-02T22:10:34","slug":"privacy-policy","status":"publish","type":"page","link":"https:\/\/www.vipclub.torinooutletvillage.com\/fr\/privacy-policy\/","title":{"rendered":"Privacy Policy"},"content":{"rendered":"\t\t<div data-elementor-type=\"wp-page\" data-elementor-id=\"6660\" class=\"elementor elementor-6660 elementor-3\">\n\t\t\t\t\t\t<div class=\"elementor-inner\">\n\t\t\t\t<div class=\"elementor-section-wrap\">\n\t\t\t\t\t\t\t\t\t<section class=\"elementor-section elementor-top-section elementor-element elementor-element-71fde9cc elementor-section-boxed elementor-section-height-default elementor-section-height-default\" data-id=\"71fde9cc\" data-element_type=\"section\">\n\t\t\t\t\t\t<div class=\"elementor-container elementor-column-gap-default\">\n\t\t\t\t\t\t\t<div class=\"elementor-row\">\n\t\t\t\t\t<div class=\"elementor-column elementor-col-100 elementor-top-column elementor-element elementor-element-3342dd63\" data-id=\"3342dd63\" data-element_type=\"column\">\n\t\t\t<div class=\"elementor-column-wrap elementor-element-populated\">\n\t\t\t\t\t\t\t<div class=\"elementor-widget-wrap\">\n\t\t\t\t\t\t<div class=\"elementor-element elementor-element-1d24c2ee elementor-widget elementor-widget-text-editor\" data-id=\"1d24c2ee\" data-element_type=\"widget\" data-widget_type=\"text-editor.default\">\n\t\t\t\t<div class=\"elementor-widget-container\">\n\t\t\t\t\t\t\t\t<div class=\"elementor-text-editor elementor-clearfix\">\n\t\t\t\t<p>Privacy statement on the processing of personal data pursuant to Article 13 of Regulation (EU) 2016\/679 on the protection of individuals with regard to the processing of personal data (GDPR) and to Article 13 of Italian Legislative Decree 196\/2003 \u2013 Personal Data Protection Code<br \/>\nAs required by the General Data Protection Regulation of the European Union (GDPR 2016\/679, Article 13), prior to processing any personal data, the customer\/visitor to the website is informed that personal data provided at the time of purchase of the products or services offered will be processed, both in printed and electronic format, for the purposes specified below.<br \/>\nTo this end, data subjects are provided with this Privacy Statement prepared by Torino Fashion Village S.R.L. (hereinafter, also the Company or Data Controller).<br \/>\nData Controller and Data Processor<br \/>\nThe Controller of the data processing operations is Torino Fashion Village S.R.L., with registered office in Corso Matteotti 10, Milan (MI), Tax Code and VAT No. 05481690484, through its Legal Representative Oliver de Nervaux de M\u00e9zi\u00e8res de Loy<\/p>\n<p>The Data Controller guarantees the utmost confidentiality in the processing of personal data, in compliance with the relevant regulations governing the protection of personal data.<br \/>\nSpecific safety measures are in place to prevent loss of data, illegal or improper data use or unauthorized access to the databases.<br \/>\nIntended Purposes, Nature and Legal Basis of the Processing<br \/>\nThe data subject\u2019s personal data shall be processed for purposes strictly related to the purchase of a product and\/or service. More specifically:<br \/>\nfor operational or management requirements;<br \/>\nfor the fulfillment of legal, regulatory and EU requirements or instructions issued by regulatory or supervisory authorities;<br \/>\nin anonymous form for statistical purposes as well.<br \/>\nsending of newsletters by the data controller, also by external managers<\/p>\n<p>Please note that the processing of your personal data for the purposes set out in points 1) to 3) is mandatory for the completion of the respective purposes; any refusal by you to provide the data or an incorrect communication of any of the mandatory data will result in: a) the impossibility of responding to your requests; b) the possible inconsistency of the data handling results with the fiscal, administrative or business obligations that the data processing addresses.<\/p>\n<p>The processing of your personal data for the purposes referred to in points 4) is optional and the respective data handling requires your express consent; any refusal by you to give your consent in no way affects site browsing. However, failure to give your consent will make it impossible for you to receive communications regarding the above purposes from Torino Fashion Village S.R.L.<br \/>\nProcessing operations are based on the granting of the data subject\u2019s express consent to the processing of personal data for the respective handling purposes.<br \/>\nTypes of Data undergoing Processing<br \/>\nThe Data Controller collects and processes the data subject\u2019s personal data that are required for VIP Club membership, for example: name, surname, contact details such as email address and mobile phone number, place of residence or domicile.<\/p>\n<p>The Data Controller may also save Cookies, as described in more detail in the Cookie Policy.<br \/>\nProcessing Procedures and Data Retention<br \/>\nData are processed in electronic and printed format, using suitable means intended to ensure the safety and confidentiality of the data, in compliance with the provisions of Articles 31 et seq. of the Privacy Law and its respective Annex B (\u201cTechnical regulations regarding minimum security measures\u201d), as well as in compliance with the provisions of Chapter II (Principles) and Chapter IV (Controller and processor) of the GDPR.<\/p>\n<p>Processing of personal data may also be carried out by automated means designed to record, process or transmit said data and, in any case, it shall be performed in compliance with the provisions of the Privacy Law, the relevant implementation regulations and the GDPR.<\/p>\n<p>The processing of your personal data is carried out by means of the operations indicated in Article 4 of the Privacy Law and in Article 4, no. 2 of the GDPR, to which you should refer for all relevant purposes.<\/p>\n<p>With regard to the different purposes for which the information was collected, personal data shall be retained for the period of time provided for by the relevant laws, for no longer than is necessary for the purposes indicated above, for a maximum period of ten years (after which time the rights arising from the VIP Club membership contract shall have lapsed).<\/p>\n<p>In regards to processing operations for marketing purposes, your personal data shall be retained for a maximum period of two years from the date of collection, unless they are transferred into an anonymized form that prevents the identification of the data subject, even indirectly or by linking other databases.<\/p>\n<p>In regards to processing operations for profiling purposes, your personal data shall be retained for a maximum period of twelve months from the date of collection.<\/p>\n<p>At the end of the retention period, the data shall be deleted automatically, in whole or in part (under the applicable rules), or rendered anonymous such that it is not possible to identify the data subject, even indirectly or by linking other databases.<br \/>\nRecipients of personal data<br \/>\nThe personal data that are collected shall not be disseminated and may be accessed, to the extent necessary and for the purposes as indicated, by Company employees and external consultants, as Authorized persons according to Article 29 of the GDPR. The data may also be disclosed to the following third parties, nominated by the Data Controller as independent Processors under Article 28 of the GDPR, by means of a specific deed of appointment, which indicates the methods of data processing and the security measures that they shall be required to adopt for the handling and retention of personal data of which the Company is Controller.<br \/>\nExternal organizations, including private companies, that perform inspections of varying nature;<br \/>\nExternal consultants appointed in advance;<br \/>\nExternal organizations that carry out activities within the Outlet Village;<br \/>\nTorino Fashion Village S.R.L. sister companies;<br \/>\nStores present in the Outlet Village;<br \/>\nCompany suppliers that carry out data processing on behalf of Torino Fashion Village S.R.L. and consultants that provide services to the same.<br \/>\nPersonal data may also be transmitted to law enforcement authorities, upon request, and to judicial authorities, if necessary.<\/p>\n<p>The full list of parties who have been given or may be given your personal data is available upon request by sending an email to the address privacy@torinooutletvillage.it.<br \/>\nData Transfer Abroad<br \/>\nThe handling and retention of personal data shall be via servers, located within the European Union, owned by the Data Controller and\/or by third parties appointed and duly nominated as Processors.<\/p>\n<p>The data are not currently subject to transfer outside of the European Union. In any case, it is understood that, if necessary, the Data Controller may move the location of the servers within the European Union and\/or in non-EU countries.<\/p>\n<p>In this case, the Data Controller ensures forthwith that the transfer of data Extra-UE shall be carried out in compliance with Articles 44 et seq. of the GDPR and with applicable laws, if necessary entering into agreements designed to ensure a suitable level of protection.<br \/>\nRights under Articles 15, 16, 17, 18, 20 and 21 of Regulation<br \/>\nWith reference to the data processed by the Company, you may exercise your rights under Articles 15, 16, 17, 18, 20 and 21 of the GDPR at any time.<\/p>\n<p>More specifically:<br \/>\n(a) You have the right to obtain from the Controller confirmation as to whether or not personal data concerning you have been processed and, where that is the case, access to the following information:<br \/>\nThe purposes of the processing;<br \/>\nThe categories of personal data concerned;<br \/>\nThe recipients or categories of recipients to whom the personal data have been or will be disclosed, in particular any recipients in third countries or international organizations;<br \/>\nThe envisaged period for which the personal data will be retained or, if not possible, the criteria used to determine that period;<br \/>\nWhere the personal data are not collected from the data subject, any available information as to their source;<br \/>\nThe existence of automated decision-making procedures and, in those cases, meaningful information about the logic involved, as well as the significance and the envisaged consequences of such processing for the data subject;<br \/>\nThe existence of appropriate safeguards under Article 46 relating to the transfer of personal data to third countries or international organizations.<br \/>\n(b) In addition, you have the right to:<br \/>\nObtain the updating, rectification or integration of your data, the deletion of your data, under the terms of law, or their anonymization, the restriction of processing, and you have the right to object, in whole or in part, on legitimate grounds, to the processing of personal data concerning you,<br \/>\nObtain the portability of electronically processed data, provided on the basis of consent or a contract,<br \/>\nWithdraw your consent, where provided,<br \/>\nLodge a complaint with the Supervisory Authority.<br \/>\nTo this end, you are invited to submit your request, free of charge, in writing, including date and signature:<br \/>\nby email, to the following address: privacy@torinooutletvillage.it<br \/>\nby registered mail, to the following address:<br \/>\nTorino Fashion Village S.R.L.<br \/>\nVia Torino 160,<br \/>\n10036 Settimo Torinese (TO)<br \/>\nThe Company undertakes to reply to your application within a period of one month, save in particularly complex cases, which could take up to a maximum of 3 months. In any case, the Company shall explain the reason for the delay in its reply within a month of your request.<\/p>\n<p>The outcome of your application shall be provided to you in writing or electronically. If you have requested the rectification, deletion or a restriction of data processing, the Company shall undertake to communicate the outcome of your request to each recipient to whom your personal data have been disclosed, unless this proves impossible or involves disproportionate effort.<\/p>\n<p>Please bear in mind that the withdrawal of consent shall not affect the lawfulness of processing based on consent before its withdrawal.<\/p>\n<p>The Company points out that you may be asked to make a contribution to expenses if your application proves to be manifestly unfounded, excessive or repetitive; to this end, the Company is equipped with a log to trace your applications for action.<br \/>\nAmendments to this privacy statement<br \/>\nThis privacy statement is subject to change. Therefore we recommend you check this statement periodically to review the latest version.<\/p>\n\t\t\t\t\t<\/div>\n\t\t\t\t\t\t<\/div>\n\t\t\t\t<\/div>\n\t\t\t\t\t\t<\/div>\n\t\t\t\t\t<\/div>\n\t\t<\/div>\n\t\t\t\t\t\t\t\t<\/div>\n\t\t\t\t\t<\/div>\n\t\t<\/section>\n\t\t\t\t\t\t\t\t\t<\/div>\n\t\t\t<\/div>\n\t\t\t\t\t<\/div>\n\t\t","protected":false},"excerpt":{"rendered":"<p>Privacy statement on the processing of personal data pursuant to Article 13 of Regulation (EU) 2016\/679 on the protection of individuals with regard to the processing of personal data (GDPR) and to Article 13 of Italian Legislative Decree 196\/2003 \u2013 Personal Data Protection Code As required by the General Data Protection Regulation of the European [&hellip;]<\/p>\n","protected":false},"author":1,"featured_media":0,"parent":0,"menu_order":50,"comment_status":"closed","ping_status":"closed","template":"","meta":{"site-sidebar-layout":"default","site-content-layout":"page-builder","ast-site-content-layout":"full-width-container","site-content-style":"unboxed","site-sidebar-style":"unboxed","ast-global-header-display":"","ast-banner-title-visibility":"","ast-main-header-display":"","ast-hfb-above-header-display":"","ast-hfb-below-header-display":"","ast-hfb-mobile-header-display":"","site-post-title":"disabled","ast-breadcrumbs-content":"","ast-featured-img":"disabled","footer-sml-layout":"","theme-transparent-header-meta":"default","adv-header-id-meta":"","stick-header-meta":"default","header-above-stick-meta":"","header-main-stick-meta":"","header-below-stick-meta":"","astra-migrate-meta-layouts":"set","ast-page-background-enabled":"default","ast-page-background-meta":{"desktop":{"background-color":"","background-image":"","background-repeat":"repeat","background-position":"center center","background-size":"auto","background-attachment":"scroll","background-type":"","background-media":"","overlay-type":"","overlay-color":"","overlay-gradient":""},"tablet":{"background-color":"","background-image":"","background-repeat":"repeat","background-position":"center center","background-size":"auto","background-attachment":"scroll","background-type":"","background-media":"","overlay-type":"","overlay-color":"","overlay-gradient":""},"mobile":{"background-color":"","background-image":"","background-repeat":"repeat","background-position":"center center","background-size":"auto","background-attachment":"scroll","background-type":"","background-media":"","overlay-type":"","overlay-color":"","overlay-gradient":""}},"ast-content-background-meta":{"desktop":{"background-color":"var(--ast-global-color-5)","background-image":"","background-repeat":"repeat","background-position":"center center","background-size":"auto","background-attachment":"scroll","background-type":"","background-media":"","overlay-type":"","overlay-color":"","overlay-gradient":""},"tablet":{"background-color":"var(--ast-global-color-5)","background-image":"","background-repeat":"repeat","background-position":"center center","background-size":"auto","background-attachment":"scroll","background-type":"","background-media":"","overlay-type":"","overlay-color":"","overlay-gradient":""},"mobile":{"background-color":"var(--ast-global-color-5)","background-image":"","background-repeat":"repeat","background-position":"center center","background-size":"auto","background-attachment":"scroll","background-type":"","background-media":"","overlay-type":"","overlay-color":"","overlay-gradient":""}},"footnotes":""},"acf":[],"yoast_head":"<!-- This site is optimized with the Yoast SEO plugin v22.4 - https:\/\/yoast.com\/wordpress\/plugins\/seo\/ -->\n<title>Politique de confidentialit\u00e9 | Torino Outlet Village<\/title>\n<meta name=\"description\" content=\"Informations sur le traitement des donn\u00e9es personnelles conform\u00e9ment \u00e0 l&#039;article 13 du r\u00e8glement europ\u00e9en n.679 \/ 2016 concernant le traitement des donn\u00e9es personnelles (RGPD)\" \/>\n<meta name=\"robots\" content=\"noindex, follow, max-snippet:-1, max-image-preview:large, max-video-preview:-1\" \/>\n<meta property=\"og:locale\" content=\"fr_FR\" \/>\n<meta property=\"og:type\" content=\"article\" \/>\n<meta property=\"og:title\" content=\"Politique de confidentialit\u00e9 | Torino Outlet Village\" \/>\n<meta property=\"og:description\" content=\"Informations sur le traitement des donn\u00e9es personnelles conform\u00e9ment \u00e0 l&#039;article 13 du r\u00e8glement europ\u00e9en n.679 \/ 2016 concernant le traitement des donn\u00e9es personnelles (RGPD)\" \/>\n<meta property=\"og:url\" content=\"https:\/\/vipclub.torinooutletvillage.com\/fr\/privacy-policy\/\" \/>\n<meta property=\"og:site_name\" content=\"Torino Outlet Village\" \/>\n<meta property=\"article:publisher\" content=\"https:\/\/www.facebook.com\/torinoutletvillage\/\" \/>\n<meta property=\"article:modified_time\" content=\"2024-06-02T22:10:34+00:00\" \/>\n<meta name=\"twitter:card\" content=\"summary_large_image\" \/>\n<meta name=\"twitter:label1\" content=\"Est. reading time\" \/>\n\t<meta name=\"twitter:data1\" content=\"8 minutes\" \/>\n<script type=\"application\/ld+json\" class=\"yoast-schema-graph\">{\"@context\":\"https:\/\/schema.org\",\"@graph\":[{\"@type\":\"WebPage\",\"@id\":\"https:\/\/vipclub.torinooutletvillage.com\/fr\/privacy-policy\/\",\"url\":\"https:\/\/vipclub.torinooutletvillage.com\/fr\/privacy-policy\/\",\"name\":\"Politique de confidentialit\u00e9 | Torino Outlet Village\",\"isPartOf\":{\"@id\":\"https:\/\/vipclub.torinooutletvillage.com\/it\/#website\"},\"datePublished\":\"2019-10-14T09:23:00+00:00\",\"dateModified\":\"2024-06-02T22:10:34+00:00\",\"description\":\"Informations sur le traitement des donn\u00e9es personnelles conform\u00e9ment \u00e0 l'article 13 du r\u00e8glement europ\u00e9en n.679 \/ 2016 concernant le traitement des donn\u00e9es personnelles (RGPD)\",\"breadcrumb\":{\"@id\":\"https:\/\/vipclub.torinooutletvillage.com\/fr\/privacy-policy\/#breadcrumb\"},\"inLanguage\":\"fr-FR\",\"potentialAction\":[{\"@type\":\"ReadAction\",\"target\":[\"https:\/\/vipclub.torinooutletvillage.com\/fr\/privacy-policy\/\"]}]},{\"@type\":\"BreadcrumbList\",\"@id\":\"https:\/\/vipclub.torinooutletvillage.com\/fr\/privacy-policy\/#breadcrumb\",\"itemListElement\":[{\"@type\":\"ListItem\",\"position\":1,\"name\":\"Home\",\"item\":\"https:\/\/vipclub.torinooutletvillage.com\/fr\/profile\/\"},{\"@type\":\"ListItem\",\"position\":2,\"name\":\"Privacy Policy\"}]},{\"@type\":\"WebSite\",\"@id\":\"https:\/\/vipclub.torinooutletvillage.com\/it\/#website\",\"url\":\"https:\/\/vipclub.torinooutletvillage.com\/it\/\",\"name\":\"Torino Outlet Village\",\"description\":\"Negozi outlet a Torino Outlet Village\",\"publisher\":{\"@id\":\"https:\/\/vipclub.torinooutletvillage.com\/it\/#organization\"},\"potentialAction\":[{\"@type\":\"SearchAction\",\"target\":{\"@type\":\"EntryPoint\",\"urlTemplate\":\"https:\/\/vipclub.torinooutletvillage.com\/it\/?s={search_term_string}\"},\"query-input\":\"required name=search_term_string\"}],\"inLanguage\":\"fr-FR\"},{\"@type\":\"Organization\",\"@id\":\"https:\/\/vipclub.torinooutletvillage.com\/it\/#organization\",\"name\":\"Torino Outlet Village\",\"url\":\"https:\/\/vipclub.torinooutletvillage.com\/it\/\",\"logo\":{\"@type\":\"ImageObject\",\"inLanguage\":\"fr-FR\",\"@id\":\"https:\/\/vipclub.torinooutletvillage.com\/it\/#\/schema\/logo\/image\/\",\"url\":\"https:\/\/vipclub.torinooutletvillage.com\/wp-content\/uploads\/2020\/01\/logo-torino-outlet-village.png\",\"contentUrl\":\"https:\/\/vipclub.torinooutletvillage.com\/wp-content\/uploads\/2020\/01\/logo-torino-outlet-village.png\",\"width\":1033,\"height\":416,\"caption\":\"Torino Outlet Village\"},\"image\":{\"@id\":\"https:\/\/vipclub.torinooutletvillage.com\/it\/#\/schema\/logo\/image\/\"},\"sameAs\":[\"https:\/\/www.facebook.com\/torinoutletvillage\/\",\"https:\/\/www.instagram.com\/torinooutletvillage\/?hl=it\"]}]}<\/script>\n<!-- \/ Yoast SEO plugin. -->","yoast_head_json":{"title":"Politique de confidentialit\u00e9 | Torino Outlet Village","description":"Informations sur le traitement des donn\u00e9es personnelles conform\u00e9ment \u00e0 l'article 13 du r\u00e8glement europ\u00e9en n.679 \/ 2016 concernant le traitement des donn\u00e9es personnelles (RGPD)","robots":{"index":"noindex","follow":"follow","max-snippet":"max-snippet:-1","max-image-preview":"max-image-preview:large","max-video-preview":"max-video-preview:-1"},"og_locale":"fr_FR","og_type":"article","og_title":"Politique de confidentialit\u00e9 | Torino Outlet Village","og_description":"Informations sur le traitement des donn\u00e9es personnelles conform\u00e9ment \u00e0 l'article 13 du r\u00e8glement europ\u00e9en n.679 \/ 2016 concernant le traitement des donn\u00e9es personnelles (RGPD)","og_url":"https:\/\/vipclub.torinooutletvillage.com\/fr\/privacy-policy\/","og_site_name":"Torino Outlet Village","article_publisher":"https:\/\/www.facebook.com\/torinoutletvillage\/","article_modified_time":"2024-06-02T22:10:34+00:00","twitter_card":"summary_large_image","twitter_misc":{"Est. reading time":"8 minutes"},"schema":{"@context":"https:\/\/schema.org","@graph":[{"@type":"WebPage","@id":"https:\/\/vipclub.torinooutletvillage.com\/fr\/privacy-policy\/","url":"https:\/\/vipclub.torinooutletvillage.com\/fr\/privacy-policy\/","name":"Politique de confidentialit\u00e9 | Torino Outlet Village","isPartOf":{"@id":"https:\/\/vipclub.torinooutletvillage.com\/it\/#website"},"datePublished":"2019-10-14T09:23:00+00:00","dateModified":"2024-06-02T22:10:34+00:00","description":"Informations sur le traitement des donn\u00e9es personnelles conform\u00e9ment \u00e0 l'article 13 du r\u00e8glement europ\u00e9en n.679 \/ 2016 concernant le traitement des donn\u00e9es personnelles (RGPD)","breadcrumb":{"@id":"https:\/\/vipclub.torinooutletvillage.com\/fr\/privacy-policy\/#breadcrumb"},"inLanguage":"fr-FR","potentialAction":[{"@type":"ReadAction","target":["https:\/\/vipclub.torinooutletvillage.com\/fr\/privacy-policy\/"]}]},{"@type":"BreadcrumbList","@id":"https:\/\/vipclub.torinooutletvillage.com\/fr\/privacy-policy\/#breadcrumb","itemListElement":[{"@type":"ListItem","position":1,"name":"Home","item":"https:\/\/vipclub.torinooutletvillage.com\/fr\/profile\/"},{"@type":"ListItem","position":2,"name":"Privacy Policy"}]},{"@type":"WebSite","@id":"https:\/\/vipclub.torinooutletvillage.com\/it\/#website","url":"https:\/\/vipclub.torinooutletvillage.com\/it\/","name":"Torino Outlet Village","description":"Negozi outlet a Torino Outlet Village","publisher":{"@id":"https:\/\/vipclub.torinooutletvillage.com\/it\/#organization"},"potentialAction":[{"@type":"SearchAction","target":{"@type":"EntryPoint","urlTemplate":"https:\/\/vipclub.torinooutletvillage.com\/it\/?s={search_term_string}"},"query-input":"required name=search_term_string"}],"inLanguage":"fr-FR"},{"@type":"Organization","@id":"https:\/\/vipclub.torinooutletvillage.com\/it\/#organization","name":"Torino Outlet Village","url":"https:\/\/vipclub.torinooutletvillage.com\/it\/","logo":{"@type":"ImageObject","inLanguage":"fr-FR","@id":"https:\/\/vipclub.torinooutletvillage.com\/it\/#\/schema\/logo\/image\/","url":"https:\/\/vipclub.torinooutletvillage.com\/wp-content\/uploads\/2020\/01\/logo-torino-outlet-village.png","contentUrl":"https:\/\/vipclub.torinooutletvillage.com\/wp-content\/uploads\/2020\/01\/logo-torino-outlet-village.png","width":1033,"height":416,"caption":"Torino Outlet Village"},"image":{"@id":"https:\/\/vipclub.torinooutletvillage.com\/it\/#\/schema\/logo\/image\/"},"sameAs":["https:\/\/www.facebook.com\/torinoutletvillage\/","https:\/\/www.instagram.com\/torinooutletvillage\/?hl=it"]}]}},"_links":{"self":[{"href":"https:\/\/www.vipclub.torinooutletvillage.com\/fr\/wp-json\/wp\/v2\/pages\/6660"}],"collection":[{"href":"https:\/\/www.vipclub.torinooutletvillage.com\/fr\/wp-json\/wp\/v2\/pages"}],"about":[{"href":"https:\/\/www.vipclub.torinooutletvillage.com\/fr\/wp-json\/wp\/v2\/types\/page"}],"author":[{"embeddable":true,"href":"https:\/\/www.vipclub.torinooutletvillage.com\/fr\/wp-json\/wp\/v2\/users\/1"}],"replies":[{"embeddable":true,"href":"https:\/\/www.vipclub.torinooutletvillage.com\/fr\/wp-json\/wp\/v2\/comments?post=6660"}],"version-history":[{"count":5,"href":"https:\/\/www.vipclub.torinooutletvillage.com\/fr\/wp-json\/wp\/v2\/pages\/6660\/revisions"}],"predecessor-version":[{"id":84813,"href":"https:\/\/www.vipclub.torinooutletvillage.com\/fr\/wp-json\/wp\/v2\/pages\/6660\/revisions\/84813"}],"wp:attachment":[{"href":"https:\/\/www.vipclub.torinooutletvillage.com\/fr\/wp-json\/wp\/v2\/media?parent=6660"}],"curies":[{"name":"wp","href":"https:\/\/api.w.org\/{rel}","templated":true}]}}